{"id":544,"date":"2024-02-11T21:28:18","date_gmt":"2024-02-11T20:28:18","guid":{"rendered":"https:\/\/weick-kallstadt.de\/?page_id=544"},"modified":"2024-12-24T11:55:33","modified_gmt":"2024-12-24T10:55:33","slug":"impressum","status":"publish","type":"page","link":"https:\/\/weick-kallstadt.de\/en\/impressum\/","title":{"rendered":"Imprint"},"content":{"rendered":"<div data-elementor-type=\"wp-page\" data-elementor-id=\"544\" class=\"elementor elementor-544\">\n\t\t\t\t<div class=\"elementor-element elementor-element-cc09ee4 e-flex e-con-boxed e-con e-parent\" data-id=\"cc09ee4\" data-element_type=\"container\" data-e-type=\"container\" data-settings=\"{&quot;background_background&quot;:&quot;classic&quot;}\">\n\t\t\t\t\t<div class=\"e-con-inner\">\n\t\t\t\t<div class=\"elementor-element elementor-element-1802e07 elementor-widget elementor-widget-heading\" data-id=\"1802e07\" data-element_type=\"widget\" data-e-type=\"widget\" data-widget_type=\"heading.default\">\n\t\t\t\t<div class=\"elementor-widget-container\">\n\t\t\t\t\t<h2 class=\"elementor-heading-title elementor-size-default\">Imprint<\/h2>\t\t\t\t<\/div>\n\t\t\t\t<\/div>\n\t\t\t\t<div class=\"elementor-element elementor-element-9342fcd elementor-widget elementor-widget-text-editor\" data-id=\"9342fcd\" data-element_type=\"widget\" data-e-type=\"widget\" data-widget_type=\"text-editor.default\">\n\t\t\t\t<div class=\"elementor-widget-container\">\n\t\t\t\t\t\t\t\t\t<p><strong>Information compliant to \u00a7 5 of the German Telemedia Act (only available in German)<\/strong><\/p>\n<p>Weick Gastst\u00e4ttenbetriebs GmbH<br>Weinstra\u00dfe 126<br>67169 Kallstadt<\/p>\n<p>Commercial Register: HRB 60199<br>Registration Court: Ludwigshafen<\/p>\n<p><strong>Represented by:<\/strong><br>Managing Director: Christian Schmitz<\/p>\n<p><strong>Contact:<\/strong><br>Telefon: 06322 5300<br>Email: info@weick-kallstadt.de<\/p>\n<p><b>VAT Identification Number:<br><\/b>DE246203779<\/p>\t\t\t\t\t\t\t\t<\/div>\n\t\t\t\t<\/div>\n\t\t\t\t<div class=\"elementor-element elementor-element-8a0b060 elementor-widget-divider--view-line elementor-widget elementor-widget-divider\" data-id=\"8a0b060\" data-element_type=\"widget\" data-e-type=\"widget\" data-widget_type=\"divider.default\">\n\t\t\t\t<div class=\"elementor-widget-container\">\n\t\t\t\t\t\t\t<div class=\"elementor-divider\">\n\t\t\t<span class=\"elementor-divider-separator\">\n\t\t\t\t\t\t<\/span>\n\t\t<\/div>\n\t\t\t\t\t\t<\/div>\n\t\t\t\t<\/div>\n\t\t\t\t<div class=\"elementor-element elementor-element-be3c998 elementor-widget elementor-widget-text-editor\" data-id=\"be3c998\" data-element_type=\"widget\" data-e-type=\"widget\" data-widget_type=\"text-editor.default\">\n\t\t\t\t<div class=\"elementor-widget-container\">\n\t\t\t\t\t\t\t\t\t<p><strong>Streitschlichtung<\/strong><\/p><p>Die Europ\u00e4ische Kommission stellt eine Plattform zur Online-Streitbeilegung (OS) bereit:<br \/><span style=\"font-style: inherit; font-weight: inherit; text-align: var(--text-align); background-color: var( --e-global-color-secondary );\">https:\/\/ec.europa.eu\/consumers\/odr<\/span><\/p><p><span style=\"background-color: var( --e-global-color-secondary ); font-style: inherit; font-weight: inherit; text-align: var(--text-align);\">Unsere E-Mail-Adresse finden Sie oben im Impressum.<br \/><\/span><span style=\"background-color: var( --e-global-color-secondary ); font-style: inherit; font-weight: inherit; text-align: var(--text-align);\">Wir sind nicht bereit oder verpflichtet, an Streitbeilegungsverfahren vor einer Verbraucherschlichtungsstelle teilzunehmen.<\/span><\/p><p><strong>Haftung f\u00fcr Inhalte<\/strong><\/p><p>Als Diensteanbieter sind wir gem\u00e4\u00df \u00a7 7 Abs.1 TMG f\u00fcr eigene Inhalte auf diesen Seiten nach den\u00a0<span style=\"font-style: inherit; font-weight: inherit; text-align: var(--text-align); background-color: var( --e-global-color-secondary );\">allgemeinen Gesetzen verantwortlich. Nach \u00a7\u00a7 8 bis 10 TMG sind wir als Diensteanbieter jedoch nicht verpflichtet, \u00fcbermittelte oder gespeicherte fremde Informationen zu \u00fcberwachen oder nach Umst\u00e4nden zu forschen, die auf eine rechtswidrige T\u00e4tigkeit hinweisen.<\/span><\/p><p>Verpflichtungen zur Entfernung oder Sperrung der Nutzung von Informationen nach den allgemeinen Gesetzen bleiben hiervon unber\u00fchrt. Eine diesbez\u00fcgliche Haftung ist jedoch erst ab dem Zeitpunkt der Kenntnis einer konkreten Rechtsverletzung m\u00f6glich. Bei Bekanntwerden von entsprechenden Rechtsverletzungen werden wir diese Inhalte umgehend entfernen.<\/p><p><strong>Haftung f\u00fcr Links<\/strong><\/p><p>Unser Angebot enth\u00e4lt Links zu externen Websites Dritter, auf deren Inhalte wir keinen Einfluss haben. Deshalb k\u00f6nnen wir f\u00fcr diese fremden Inhalte auch keine Gew\u00e4hr \u00fcbernehmen. F\u00fcr die Inhalte der verlinkten Seiten ist stets der jeweilige Anbieter oder Betreiber der Seiten verantwortlich. Die verlinkten Seiten wurden zum Zeitpunkt der Verlinkung auf m\u00f6gliche Rechtsverst\u00f6\u00dfe \u00fcberpr\u00fcft. Rechtswidrige Inhalte waren zum Zeitpunkt der Verlinkung nicht erkennbar.<\/p><p>Eine permanente inhaltliche Kontrolle der verlinkten Seiten ist jedoch ohne konkrete Anhaltspunkte einer Rechtsverletzung nicht zumutbar. Bei Bekanntwerden von Rechtsverletzungen werden wir derartige Links umgehend entfernen.<\/p><p><strong>Urheberrecht<\/strong><\/p><p>Die durch die Seitenbetreiber erstellten Inhalte und Werke auf diesen Seiten unterliegen dem deutschen Urheberrecht. Die Vervielf\u00e4ltigung, Bearbeitung, Verbreitung und jede Art der Verwertung au\u00dferhalb der Grenzen des Urheberrechtes bed\u00fcrfen der schriftlichen Zustimmung des jeweiligen Autors bzw. Erstellers. Downloads und Kopien dieser Seite sind nur f\u00fcr den privaten, nicht kommerziellen Gebrauch gestattet.<\/p><p>Soweit die Inhalte auf dieser Seite nicht vom Betreiber erstellt wurden, werden die Urheberrechte Dritter beachtet. Insbesondere werden Inhalte Dritter als solche gekennzeichnet. Sollten Sie trotzdem auf eine Urheberrechtsverletzung aufmerksam werden, bitten wir um einen entsprechenden Hinweis. Bei Bekanntwerden von Rechtsverletzungen werden wir derartige Inhalte umgehend entfernen.<\/p>\t\t\t\t\t\t\t\t<\/div>\n\t\t\t\t<\/div>\n\t\t\t\t\t<\/div>\n\t\t\t\t<\/div>\n\t\t\t\t<\/div>","protected":false},"excerpt":{"rendered":"<p>Impressum Angaben gem\u00e4\u00df \u00a7 5 TMG Weick Gastst\u00e4ttenbetriebs GmbHWeinstra\u00dfe 12667169 Kallstadt Handelsregister: HRB 60199Registergericht: Ludwigshafen Vertreten durch:Gesch\u00e4ftsf\u00fchrer: Christian Schmitz Kontakt:Telefon: 06322 5300Email: info@weick-kallstadt.de Umsatzsteuer-Identifikationsnummer:DE246203779 Streitschlichtung Die Europ\u00e4ische Kommission stellt eine Plattform zur Online-Streitbeilegung (OS) bereit:https:\/\/ec.europa.eu\/consumers\/odr Unsere E-Mail-Adresse finden Sie oben im Impressum.Wir sind nicht bereit oder verpflichtet, an Streitbeilegungsverfahren vor einer Verbraucherschlichtungsstelle teilzunehmen. Haftung f\u00fcr [&hellip;]<\/p>\n","protected":false},"author":1,"featured_media":0,"parent":0,"menu_order":0,"comment_status":"closed","ping_status":"closed","template":"","meta":{"site-sidebar-layout":"no-sidebar","site-content-layout":"page-builder","ast-site-content-layout":"full-width-container","site-content-style":"default","site-sidebar-style":"default","ast-global-header-display":"","ast-banner-title-visibility":"","ast-main-header-display":"","ast-hfb-above-header-display":"","ast-hfb-below-header-display":"","ast-hfb-mobile-header-display":"","site-post-title":"disabled","ast-breadcrumbs-content":"","ast-featured-img":"disabled","footer-sml-layout":"","ast-disable-related-posts":"","theme-transparent-header-meta":"","adv-header-id-meta":"","stick-header-meta":"","header-above-stick-meta":"","header-main-stick-meta":"","header-below-stick-meta":"","astra-migrate-meta-layouts":"set","ast-page-background-enabled":"default","ast-page-background-meta":{"desktop":{"background-color":"var(--ast-global-color-4)","background-image":"","background-repeat":"repeat","background-position":"center center","background-size":"auto","background-attachment":"scroll","background-type":"","background-media":"","overlay-type":"","overlay-color":"","overlay-opacity":"","overlay-gradient":""},"tablet":{"background-color":"","background-image":"","background-repeat":"repeat","background-position":"center center","background-size":"auto","background-attachment":"scroll","background-type":"","background-media":"","overlay-type":"","overlay-color":"","overlay-opacity":"","overlay-gradient":""},"mobile":{"background-color":"","background-image":"","background-repeat":"repeat","background-position":"center center","background-size":"auto","background-attachment":"scroll","background-type":"","background-media":"","overlay-type":"","overlay-color":"","overlay-opacity":"","overlay-gradient":""}},"ast-content-background-meta":{"desktop":{"background-color":"var(--ast-global-color-5)","background-image":"","background-repeat":"repeat","background-position":"center center","background-size":"auto","background-attachment":"scroll","background-type":"","background-media":"","overlay-type":"","overlay-color":"","overlay-opacity":"","overlay-gradient":""},"tablet":{"background-color":"var(--ast-global-color-5)","background-image":"","background-repeat":"repeat","background-position":"center center","background-size":"auto","background-attachment":"scroll","background-type":"","background-media":"","overlay-type":"","overlay-color":"","overlay-opacity":"","overlay-gradient":""},"mobile":{"background-color":"var(--ast-global-color-5)","background-image":"","background-repeat":"repeat","background-position":"center center","background-size":"auto","background-attachment":"scroll","background-type":"","background-media":"","overlay-type":"","overlay-color":"","overlay-opacity":"","overlay-gradient":""}},"footnotes":""},"class_list":["post-544","page","type-page","status-publish","hentry"],"yoast_head":"<!-- This site is optimized with the Yoast SEO plugin v27.3 - https:\/\/yoast.com\/product\/yoast-seo-wordpress\/ -->\n<title>Impressum - Winzerstuben Weick<\/title>\n<meta name=\"robots\" content=\"index, follow, max-snippet:-1, max-image-preview:large, max-video-preview:-1\" \/>\n<link rel=\"canonical\" href=\"https:\/\/weick-kallstadt.de\/en\/impressum\/\" \/>\n<meta property=\"og:locale\" content=\"en_US\" \/>\n<meta property=\"og:type\" content=\"article\" \/>\n<meta property=\"og:title\" content=\"Impressum - Winzerstuben Weick\" \/>\n<meta property=\"og:description\" content=\"Impressum Angaben gem\u00e4\u00df \u00a7 5 TMG Weick Gastst\u00e4ttenbetriebs GmbHWeinstra\u00dfe 12667169 Kallstadt Handelsregister: HRB 60199Registergericht: Ludwigshafen Vertreten durch:Gesch\u00e4ftsf\u00fchrer: Christian Schmitz Kontakt:Telefon: 06322 5300Email: info@weick-kallstadt.de Umsatzsteuer-Identifikationsnummer:DE246203779 Streitschlichtung Die Europ\u00e4ische Kommission stellt eine Plattform zur Online-Streitbeilegung (OS) bereit:https:\/\/ec.europa.eu\/consumers\/odr Unsere E-Mail-Adresse finden Sie oben im Impressum.Wir sind nicht bereit oder verpflichtet, an Streitbeilegungsverfahren vor einer Verbraucherschlichtungsstelle teilzunehmen. Haftung f\u00fcr [&hellip;]\" \/>\n<meta property=\"og:url\" content=\"https:\/\/weick-kallstadt.de\/en\/impressum\/\" \/>\n<meta property=\"og:site_name\" content=\"Winzerstuben Weick\" \/>\n<meta property=\"article:modified_time\" content=\"2024-12-24T10:55:33+00:00\" \/>\n<meta name=\"twitter:card\" content=\"summary_large_image\" \/>\n<meta name=\"twitter:label1\" content=\"Est. reading time\" \/>\n\t<meta name=\"twitter:data1\" content=\"2 minutes\" \/>\n<script type=\"application\/ld+json\" class=\"yoast-schema-graph\">{\"@context\":\"https:\\\/\\\/schema.org\",\"@graph\":[{\"@type\":\"WebPage\",\"@id\":\"https:\\\/\\\/weick-kallstadt.de\\\/impressum\\\/\",\"url\":\"https:\\\/\\\/weick-kallstadt.de\\\/impressum\\\/\",\"name\":\"Impressum - Winzerstuben Weick\",\"isPartOf\":{\"@id\":\"https:\\\/\\\/weick-kallstadt.de\\\/#website\"},\"datePublished\":\"2024-02-11T20:28:18+00:00\",\"dateModified\":\"2024-12-24T10:55:33+00:00\",\"breadcrumb\":{\"@id\":\"https:\\\/\\\/weick-kallstadt.de\\\/impressum\\\/#breadcrumb\"},\"inLanguage\":\"en-US\",\"potentialAction\":[{\"@type\":\"ReadAction\",\"target\":[\"https:\\\/\\\/weick-kallstadt.de\\\/impressum\\\/\"]}]},{\"@type\":\"BreadcrumbList\",\"@id\":\"https:\\\/\\\/weick-kallstadt.de\\\/impressum\\\/#breadcrumb\",\"itemListElement\":[{\"@type\":\"ListItem\",\"position\":1,\"name\":\"Hauptseite\",\"item\":\"https:\\\/\\\/weick-kallstadt.de\\\/\"},{\"@type\":\"ListItem\",\"position\":2,\"name\":\"Impressum\"}]},{\"@type\":\"WebSite\",\"@id\":\"https:\\\/\\\/weick-kallstadt.de\\\/#website\",\"url\":\"https:\\\/\\\/weick-kallstadt.de\\\/\",\"name\":\"Winzerstuben Weick\",\"description\":\"Ab 11 Uhr f&uuml;r Sie ge&ouml;ffnet\",\"publisher\":{\"@id\":\"https:\\\/\\\/weick-kallstadt.de\\\/#organization\"},\"alternateName\":\"Weick Kallstadt\",\"potentialAction\":[{\"@type\":\"SearchAction\",\"target\":{\"@type\":\"EntryPoint\",\"urlTemplate\":\"https:\\\/\\\/weick-kallstadt.de\\\/?s={search_term_string}\"},\"query-input\":{\"@type\":\"PropertyValueSpecification\",\"valueRequired\":true,\"valueName\":\"search_term_string\"}}],\"inLanguage\":\"en-US\"},{\"@type\":\"Organization\",\"@id\":\"https:\\\/\\\/weick-kallstadt.de\\\/#organization\",\"name\":\"Winzerstuben Weick\",\"url\":\"https:\\\/\\\/weick-kallstadt.de\\\/\",\"logo\":{\"@type\":\"ImageObject\",\"inLanguage\":\"en-US\",\"@id\":\"https:\\\/\\\/weick-kallstadt.de\\\/#\\\/schema\\\/logo\\\/image\\\/\",\"url\":\"https:\\\/\\\/weick-kallstadt.de\\\/wp-content\\\/uploads\\\/2024\\\/02\\\/logo_winzerstuben_white.png\",\"contentUrl\":\"https:\\\/\\\/weick-kallstadt.de\\\/wp-content\\\/uploads\\\/2024\\\/02\\\/logo_winzerstuben_white.png\",\"width\":340,\"height\":156,\"caption\":\"Winzerstuben Weick\"},\"image\":{\"@id\":\"https:\\\/\\\/weick-kallstadt.de\\\/#\\\/schema\\\/logo\\\/image\\\/\"},\"sameAs\":[\"https:\\\/\\\/www.instagram.com\\\/winzerstubenweick\\\/\"]}]}<\/script>\n<!-- \/ Yoast SEO plugin. -->","yoast_head_json":{"title":"Impressum - Winzerstuben Weick","robots":{"index":"index","follow":"follow","max-snippet":"max-snippet:-1","max-image-preview":"max-image-preview:large","max-video-preview":"max-video-preview:-1"},"canonical":"https:\/\/weick-kallstadt.de\/en\/impressum\/","og_locale":"en_US","og_type":"article","og_title":"Impressum - Winzerstuben Weick","og_description":"Impressum Angaben gem\u00e4\u00df \u00a7 5 TMG Weick Gastst\u00e4ttenbetriebs GmbHWeinstra\u00dfe 12667169 Kallstadt Handelsregister: HRB 60199Registergericht: Ludwigshafen Vertreten durch:Gesch\u00e4ftsf\u00fchrer: Christian Schmitz Kontakt:Telefon: 06322 5300Email: info@weick-kallstadt.de Umsatzsteuer-Identifikationsnummer:DE246203779 Streitschlichtung Die Europ\u00e4ische Kommission stellt eine Plattform zur Online-Streitbeilegung (OS) bereit:https:\/\/ec.europa.eu\/consumers\/odr Unsere E-Mail-Adresse finden Sie oben im Impressum.Wir sind nicht bereit oder verpflichtet, an Streitbeilegungsverfahren vor einer Verbraucherschlichtungsstelle teilzunehmen. Haftung f\u00fcr [&hellip;]","og_url":"https:\/\/weick-kallstadt.de\/en\/impressum\/","og_site_name":"Winzerstuben Weick","article_modified_time":"2024-12-24T10:55:33+00:00","twitter_card":"summary_large_image","twitter_misc":{"Est. reading time":"2 minutes"},"schema":{"@context":"https:\/\/schema.org","@graph":[{"@type":"WebPage","@id":"https:\/\/weick-kallstadt.de\/impressum\/","url":"https:\/\/weick-kallstadt.de\/impressum\/","name":"Impressum - Winzerstuben Weick","isPartOf":{"@id":"https:\/\/weick-kallstadt.de\/#website"},"datePublished":"2024-02-11T20:28:18+00:00","dateModified":"2024-12-24T10:55:33+00:00","breadcrumb":{"@id":"https:\/\/weick-kallstadt.de\/impressum\/#breadcrumb"},"inLanguage":"en-US","potentialAction":[{"@type":"ReadAction","target":["https:\/\/weick-kallstadt.de\/impressum\/"]}]},{"@type":"BreadcrumbList","@id":"https:\/\/weick-kallstadt.de\/impressum\/#breadcrumb","itemListElement":[{"@type":"ListItem","position":1,"name":"Hauptseite","item":"https:\/\/weick-kallstadt.de\/"},{"@type":"ListItem","position":2,"name":"Impressum"}]},{"@type":"WebSite","@id":"https:\/\/weick-kallstadt.de\/#website","url":"https:\/\/weick-kallstadt.de\/","name":"Winzerstuben Weick","description":"Ab 11 Uhr f&uuml;r Sie ge&ouml;ffnet","publisher":{"@id":"https:\/\/weick-kallstadt.de\/#organization"},"alternateName":"Weick Kallstadt","potentialAction":[{"@type":"SearchAction","target":{"@type":"EntryPoint","urlTemplate":"https:\/\/weick-kallstadt.de\/?s={search_term_string}"},"query-input":{"@type":"PropertyValueSpecification","valueRequired":true,"valueName":"search_term_string"}}],"inLanguage":"en-US"},{"@type":"Organization","@id":"https:\/\/weick-kallstadt.de\/#organization","name":"Winzerstuben Weick","url":"https:\/\/weick-kallstadt.de\/","logo":{"@type":"ImageObject","inLanguage":"en-US","@id":"https:\/\/weick-kallstadt.de\/#\/schema\/logo\/image\/","url":"https:\/\/weick-kallstadt.de\/wp-content\/uploads\/2024\/02\/logo_winzerstuben_white.png","contentUrl":"https:\/\/weick-kallstadt.de\/wp-content\/uploads\/2024\/02\/logo_winzerstuben_white.png","width":340,"height":156,"caption":"Winzerstuben Weick"},"image":{"@id":"https:\/\/weick-kallstadt.de\/#\/schema\/logo\/image\/"},"sameAs":["https:\/\/www.instagram.com\/winzerstubenweick\/"]}]}},"_links":{"self":[{"href":"https:\/\/weick-kallstadt.de\/en\/wp-json\/wp\/v2\/pages\/544","targetHints":{"allow":["GET"]}}],"collection":[{"href":"https:\/\/weick-kallstadt.de\/en\/wp-json\/wp\/v2\/pages"}],"about":[{"href":"https:\/\/weick-kallstadt.de\/en\/wp-json\/wp\/v2\/types\/page"}],"author":[{"embeddable":true,"href":"https:\/\/weick-kallstadt.de\/en\/wp-json\/wp\/v2\/users\/1"}],"replies":[{"embeddable":true,"href":"https:\/\/weick-kallstadt.de\/en\/wp-json\/wp\/v2\/comments?post=544"}],"version-history":[{"count":19,"href":"https:\/\/weick-kallstadt.de\/en\/wp-json\/wp\/v2\/pages\/544\/revisions"}],"predecessor-version":[{"id":2235,"href":"https:\/\/weick-kallstadt.de\/en\/wp-json\/wp\/v2\/pages\/544\/revisions\/2235"}],"wp:attachment":[{"href":"https:\/\/weick-kallstadt.de\/en\/wp-json\/wp\/v2\/media?parent=544"}],"curies":[{"name":"wp","href":"https:\/\/api.w.org\/{rel}","templated":true}]}}