{"id":1745,"date":"2024-08-23T20:20:32","date_gmt":"2024-08-23T19:20:32","guid":{"rendered":"https:\/\/weick-kallstadt.de\/?page_id=1745"},"modified":"2025-07-06T16:03:34","modified_gmt":"2025-07-06T15:03:34","slug":"gastgeber","status":"publish","type":"page","link":"https:\/\/weick-kallstadt.de\/en\/gastgeber\/","title":{"rendered":"About us"},"content":{"rendered":"<div data-elementor-type=\"wp-page\" data-elementor-id=\"1745\" class=\"elementor elementor-1745\">\n\t\t\t\t<div class=\"elementor-element elementor-element-86152fc e-flex e-con-boxed e-con e-parent\" data-id=\"86152fc\" data-element_type=\"container\" data-e-type=\"container\" data-settings=\"{&quot;background_background&quot;:&quot;classic&quot;}\">\n\t\t\t\t\t<div class=\"e-con-inner\">\n\t\t<div class=\"elementor-element elementor-element-b2c13f3 e-con-full e-flex elementor-invisible e-con e-child\" data-id=\"b2c13f3\" data-element_type=\"container\" data-e-type=\"container\" data-settings=\"{&quot;background_background&quot;:&quot;classic&quot;,&quot;animation&quot;:&quot;fadeIn&quot;}\">\n\t\t\t\t<\/div>\n\t\t<div class=\"elementor-element elementor-element-6c73737 e-con-full e-flex e-con e-child\" data-id=\"6c73737\" data-element_type=\"container\" data-e-type=\"container\">\n\t\t<div class=\"elementor-element elementor-element-b39a8cb e-con-full e-flex e-con e-child\" data-id=\"b39a8cb\" data-element_type=\"container\" data-e-type=\"container\">\n\t\t\t\t<div class=\"elementor-element elementor-element-cb8985b elementor-invisible elementor-widget elementor-widget-heading\" data-id=\"cb8985b\" data-element_type=\"widget\" data-e-type=\"widget\" data-settings=\"{&quot;_animation&quot;:&quot;fadeInRight&quot;}\" data-widget_type=\"heading.default\">\n\t\t\t\t<div class=\"elementor-widget-container\">\n\t\t\t\t\t<h2 class=\"elementor-heading-title elementor-size-default\">Palatine hospitality for over three decades<\/h2>\t\t\t\t<\/div>\n\t\t\t\t<\/div>\n\t\t\t\t<div class=\"elementor-element elementor-element-a58da98 elementor-invisible elementor-widget elementor-widget-text-editor\" data-id=\"a58da98\" data-element_type=\"widget\" data-e-type=\"widget\" data-settings=\"{&quot;_animation&quot;:&quot;fadeInRight&quot;,&quot;_animation_delay&quot;:200}\" data-widget_type=\"text-editor.default\">\n\t\t\t\t<div class=\"elementor-widget-container\">\n\t\t\t\t\t\t\t\t\t<div class=\"av-special-heading av-lrq5xy16-41f1d3f7b79d7b3bf11e6b0418f724bb av-special-heading-h2 custom-color-heading blockquote modern-quote avia-builder-el-27 el_before_av_textblock avia-builder-el-first av-thin-font\">\n<div class=\"av-subheading av-subheading_below\">\n<p>The \u201cWinzerstuben Weick\u201d in Kallstadt are a well-established institution in the Palatinate and has been successfully run by the Weick family in collaboration with the Kallstadt winemakers' cooperative for 33 years. In April 2023, the business was handed over to the next generation.<\/p>\n<\/div>\n<\/div>\t\t\t\t\t\t\t\t<\/div>\n\t\t\t\t<\/div>\n\t\t\t\t<div class=\"elementor-element elementor-element-31504bd elementor-invisible elementor-widget elementor-widget-image\" data-id=\"31504bd\" data-element_type=\"widget\" data-e-type=\"widget\" data-settings=\"{&quot;_animation&quot;:&quot;fadeInRight&quot;,&quot;_animation_delay&quot;:400}\" data-widget_type=\"image.default\">\n\t\t\t\t<div class=\"elementor-widget-container\">\n\t\t\t\t\t\t\t\t\t\t\t\t\t\t\t<img decoding=\"async\" src=\"https:\/\/weick-kallstadt.de\/wp-content\/uploads\/elementor\/thumbs\/Logo-Weick-transparent-qt9nc0rid6npuo4gwcz61eehjfaypbbr79rt8dqvpc.png\" title=\"Logo der Winzerstuben Weick\" alt=\"Das Bild zeigt das Logo der Winzerstuben Weick. Es besteht aus den stilisierten, ineinander verschlungenen Buchstaben W und S im oberen Teil. Darunter steht der Name WEICK in klassischer Serifenschrift, gefolgt von der Beschreibung WINZERSTUBEN KALLSTADT in Gro\u00df.\" loading=\"lazy\" \/>\t\t\t\t\t\t\t\t\t\t\t\t\t\t\t<\/div>\n\t\t\t\t<\/div>\n\t\t\t\t<\/div>\n\t\t\t\t<\/div>\n\t\t\t\t\t<\/div>\n\t\t\t\t<\/div>\n\t\t<div class=\"elementor-element elementor-element-27c395e e-flex e-con-boxed e-con e-parent\" data-id=\"27c395e\" data-element_type=\"container\" data-e-type=\"container\" data-settings=\"{&quot;background_background&quot;:&quot;classic&quot;}\">\n\t\t\t\t\t<div class=\"e-con-inner\">\n\t\t<div class=\"elementor-element elementor-element-2a15adc e-con-full e-flex e-con e-child\" data-id=\"2a15adc\" data-element_type=\"container\" data-e-type=\"container\">\n\t\t\t\t<div class=\"elementor-element elementor-element-f348e6f elementor-invisible elementor-widget elementor-widget-heading\" data-id=\"f348e6f\" data-element_type=\"widget\" data-e-type=\"widget\" data-settings=\"{&quot;_animation&quot;:&quot;fadeInUp&quot;,&quot;_animation_delay&quot;:600}\" data-widget_type=\"heading.default\">\n\t\t\t\t<div class=\"elementor-widget-container\">\n\t\t\t\t\t<h2 class=\"elementor-heading-title elementor-size-default\">The new management<\/h2>\t\t\t\t<\/div>\n\t\t\t\t<\/div>\n\t\t\t\t<div class=\"elementor-element elementor-element-2423228 elementor-invisible elementor-widget elementor-widget-text-editor\" data-id=\"2423228\" data-element_type=\"widget\" data-e-type=\"widget\" data-settings=\"{&quot;_animation&quot;:&quot;fadeInUp&quot;,&quot;_animation_delay&quot;:800}\" data-widget_type=\"text-editor.default\">\n\t\t\t\t<div class=\"elementor-widget-container\">\n\t\t\t\t\t\t\t\t\t<p>Christian and Laura Schmitz aim to build on the success of recent years while also exploring new directions. Christian is responsible for purchasing, while Laura manages the service. Together, they oversee the culinary offerings. This division of responsibilities is supported by a reliable and service-oriented team.<\/p>\t\t\t\t\t\t\t\t<\/div>\n\t\t\t\t<\/div>\n\t\t\t\t<\/div>\n\t\t\t\t\t<\/div>\n\t\t\t\t<\/div>\n\t\t<div class=\"elementor-element elementor-element-fc7c573 e-flex e-con-boxed e-con e-parent\" data-id=\"fc7c573\" data-element_type=\"container\" data-e-type=\"container\">\n\t\t\t\t\t<div class=\"e-con-inner\">\n\t\t<div class=\"elementor-element elementor-element-4fc69cc e-con-full e-flex e-con e-child\" data-id=\"4fc69cc\" data-element_type=\"container\" data-e-type=\"container\" data-settings=\"{&quot;background_background&quot;:&quot;classic&quot;}\">\n\t\t<div class=\"elementor-element elementor-element-61668ff e-con-full e-flex e-con e-child\" data-id=\"61668ff\" data-element_type=\"container\" data-e-type=\"container\">\n\t\t<div class=\"elementor-element elementor-element-3f9f082 e-con-full e-flex e-con e-child\" data-id=\"3f9f082\" data-element_type=\"container\" data-e-type=\"container\">\n\t\t\t\t<div class=\"elementor-element elementor-element-fe81554 elementor-invisible elementor-widget elementor-widget-heading\" data-id=\"fe81554\" data-element_type=\"widget\" data-e-type=\"widget\" data-settings=\"{&quot;_animation&quot;:&quot;fadeInLeft&quot;}\" data-widget_type=\"heading.default\">\n\t\t\t\t<div class=\"elementor-widget-container\">\n\t\t\t\t\t<h2 class=\"elementor-heading-title elementor-size-default\">The winemaker<\/h2>\t\t\t\t<\/div>\n\t\t\t\t<\/div>\n\t\t\t\t<div class=\"elementor-element elementor-element-e36c524 elementor-invisible elementor-widget elementor-widget-text-editor\" data-id=\"e36c524\" data-element_type=\"widget\" data-e-type=\"widget\" data-settings=\"{&quot;_animation&quot;:&quot;fadeInLeft&quot;,&quot;_animation_delay&quot;:250}\" data-widget_type=\"text-editor.default\">\n\t\t\t\t<div class=\"elementor-widget-container\">\n\t\t\t\t\t\t\t\t\t<p>Christian is a trained winemaker and viticulture expert. After completing his apprenticeship at Schloss Vollrads in the Rheingau, he joined the renowned Dr. Heger winery in Ihringen. He then spent several years exploring the international wine world, gaining experience not only in viticulture but also in the many facets of gastronomy. Due to his strong connection to the Palatinate, he returned home in 2018.<\/p><p>Christian's passion is hunting in the Palatinate Forest, which Laura also enjoys. As the leaseholder of two hunting grounds, hunting not only plays an important role in Christian's personal life, but also shapes the atmosphere in the wine taverns.<\/p>\t\t\t\t\t\t\t\t<\/div>\n\t\t\t\t<\/div>\n\t\t\t\t<\/div>\n\t\t\t\t<\/div>\n\t\t<div class=\"elementor-element elementor-element-e52dc75 e-con-full e-flex elementor-invisible e-con e-child\" data-id=\"e52dc75\" data-element_type=\"container\" data-e-type=\"container\" data-settings=\"{&quot;background_background&quot;:&quot;classic&quot;,&quot;animation&quot;:&quot;fadeIn&quot;}\">\n\t\t\t\t<\/div>\n\t\t\t\t<\/div>\n\t\t\t\t\t<\/div>\n\t\t\t\t<\/div>\n\t\t<div class=\"elementor-element elementor-element-6604b2a e-flex e-con-boxed e-con e-parent\" data-id=\"6604b2a\" data-element_type=\"container\" data-e-type=\"container\">\n\t\t\t\t\t<div class=\"e-con-inner\">\n\t\t<div class=\"elementor-element elementor-element-215609f e-con-full e-flex e-con e-child\" data-id=\"215609f\" data-element_type=\"container\" data-e-type=\"container\" data-settings=\"{&quot;background_background&quot;:&quot;classic&quot;}\">\n\t\t<div class=\"elementor-element elementor-element-9f3896e e-con-full e-flex e-con e-child\" data-id=\"9f3896e\" data-element_type=\"container\" data-e-type=\"container\">\n\t\t<div class=\"elementor-element elementor-element-7c93b58 e-con-full e-flex e-con e-child\" data-id=\"7c93b58\" data-element_type=\"container\" data-e-type=\"container\">\n\t\t\t\t<div class=\"elementor-element elementor-element-85fcdac elementor-invisible elementor-widget elementor-widget-heading\" data-id=\"85fcdac\" data-element_type=\"widget\" data-e-type=\"widget\" data-settings=\"{&quot;_animation&quot;:&quot;fadeInRight&quot;}\" data-widget_type=\"heading.default\">\n\t\t\t\t<div class=\"elementor-widget-container\">\n\t\t\t\t\t<h2 class=\"elementor-heading-title elementor-size-default\">The lawyer<\/h2>\t\t\t\t<\/div>\n\t\t\t\t<\/div>\n\t\t\t\t<div class=\"elementor-element elementor-element-b8b8028 elementor-invisible elementor-widget elementor-widget-text-editor\" data-id=\"b8b8028\" data-element_type=\"widget\" data-e-type=\"widget\" data-settings=\"{&quot;_animation&quot;:&quot;fadeInRight&quot;,&quot;_animation_delay&quot;:250}\" data-widget_type=\"text-editor.default\">\n\t\t\t\t<div class=\"elementor-widget-container\">\n\t\t\t\t\t\t\t\t\t<p>Laura grew up in the Winzerstuben and gained experience in her parents' business from an early age. Interacting with guests was just as much a part of her daily life as working in service. Although she always enjoyed this work, she initially chose a different path and pursued law. She studied law in Bayreuth and, like Christian, returned to the Palatinate in 2018 after successfully completing her degree. She then worked for several years as a lawyer in a law firm.<\/p><p>Then, together with Christian, she decided to take over the Winzerstuben and continue her parents' legacy.<\/p>\t\t\t\t\t\t\t\t<\/div>\n\t\t\t\t<\/div>\n\t\t\t\t<\/div>\n\t\t\t\t<\/div>\n\t\t<div class=\"elementor-element elementor-element-c19bb7f e-con-full e-flex elementor-invisible e-con e-child\" data-id=\"c19bb7f\" data-element_type=\"container\" data-e-type=\"container\" data-settings=\"{&quot;background_background&quot;:&quot;classic&quot;,&quot;animation&quot;:&quot;fadeIn&quot;}\">\n\t\t\t\t<\/div>\n\t\t\t\t<\/div>\n\t\t\t\t\t<\/div>\n\t\t\t\t<\/div>\n\t\t<div class=\"elementor-element elementor-element-e780276 elementor-hidden-desktop elementor-hidden-tablet elementor-hidden-mobile e-flex e-con-boxed e-con e-parent\" data-id=\"e780276\" data-element_type=\"container\" data-e-type=\"container\" data-settings=\"{&quot;background_background&quot;:&quot;classic&quot;}\">\n\t\t\t\t\t<div class=\"e-con-inner\">\n\t\t<div class=\"elementor-element elementor-element-00bf95a e-con-full e-flex e-con e-child\" data-id=\"00bf95a\" data-element_type=\"container\" data-e-type=\"container\">\n\t\t\t\t<div class=\"elementor-element elementor-element-74466f6 elementor-widget elementor-widget-heading\" data-id=\"74466f6\" data-element_type=\"widget\" data-e-type=\"widget\" data-widget_type=\"heading.default\">\n\t\t\t\t<div class=\"elementor-widget-container\">\n\t\t\t\t\t<h3 class=\"elementor-heading-title elementor-size-default\">Unser Team<\/h3>\t\t\t\t<\/div>\n\t\t\t\t<\/div>\n\t\t\t\t<div class=\"elementor-element elementor-element-f7f6c97 elementor-widget elementor-widget-text-editor\" data-id=\"f7f6c97\" data-element_type=\"widget\" data-e-type=\"widget\" data-widget_type=\"text-editor.default\">\n\t\t\t\t<div class=\"elementor-widget-container\">\n\t\t\t\t\t\t\t\t\t<p>Die G\u00e4ste zufrieden zu stellen, w\u00e4re ohne ein engagiertes Team in K\u00fcche und Service nicht m\u00f6glich. Jede T\u00e4tigkeit ist wichtig und wird wertgesch\u00e4tzt. Das Team -mit teils langj\u00e4hriger Betriebszugeh\u00f6rigkeit- setzt alles daran, damit sich die G\u00e4ste sich in den Winzerstuben wohlf\u00fchlen.<\/p>\t\t\t\t\t\t\t\t<\/div>\n\t\t\t\t<\/div>\n\t\t\t\t<\/div>\n\t\t\t\t\t<\/div>\n\t\t\t\t<\/div>\n\t\t\t\t<\/div>","protected":false},"excerpt":{"rendered":"<p>Pf\u00e4lzer Gastfreundschaft seit \u00fcber drei Jahrzehnten Die \u201eWinzerstuben Weick\u201c in Kallstadt sind eine Institution in der Pfalz und wird bereits seit 33 Jahren von Familie Weick in erfolgreicher Zusammenarbeit mit der Winzergenossenschaft Kallstadt gef\u00fchrt. Im April 2023 wurde der Betrieb an die n\u00e4chste Generation \u00fcbergeben. Die neuen Gastgeber Christian und Laura Schmitz m\u00f6chten an das [&hellip;]<\/p>\n","protected":false},"author":1,"featured_media":0,"parent":0,"menu_order":0,"comment_status":"closed","ping_status":"closed","template":"","meta":{"site-sidebar-layout":"no-sidebar","site-content-layout":"page-builder","ast-site-content-layout":"full-width-container","site-content-style":"default","site-sidebar-style":"default","ast-global-header-display":"","ast-banner-title-visibility":"","ast-main-header-display":"","ast-hfb-above-header-display":"","ast-hfb-below-header-display":"","ast-hfb-mobile-header-display":"","site-post-title":"disabled","ast-breadcrumbs-content":"","ast-featured-img":"disabled","footer-sml-layout":"","ast-disable-related-posts":"","theme-transparent-header-meta":"","adv-header-id-meta":"","stick-header-meta":"","header-above-stick-meta":"","header-main-stick-meta":"","header-below-stick-meta":"","astra-migrate-meta-layouts":"set","ast-page-background-enabled":"default","ast-page-background-meta":{"desktop":{"background-color":"var(--ast-global-color-4)","background-image":"","background-repeat":"repeat","background-position":"center center","background-size":"auto","background-attachment":"scroll","background-type":"","background-media":"","overlay-type":"","overlay-color":"","overlay-opacity":"","overlay-gradient":""},"tablet":{"background-color":"","background-image":"","background-repeat":"repeat","background-position":"center center","background-size":"auto","background-attachment":"scroll","background-type":"","background-media":"","overlay-type":"","overlay-color":"","overlay-opacity":"","overlay-gradient":""},"mobile":{"background-color":"","background-image":"","background-repeat":"repeat","background-position":"center center","background-size":"auto","background-attachment":"scroll","background-type":"","background-media":"","overlay-type":"","overlay-color":"","overlay-opacity":"","overlay-gradient":""}},"ast-content-background-meta":{"desktop":{"background-color":"var(--ast-global-color-5)","background-image":"","background-repeat":"repeat","background-position":"center center","background-size":"auto","background-attachment":"scroll","background-type":"","background-media":"","overlay-type":"","overlay-color":"","overlay-opacity":"","overlay-gradient":""},"tablet":{"background-color":"var(--ast-global-color-5)","background-image":"","background-repeat":"repeat","background-position":"center center","background-size":"auto","background-attachment":"scroll","background-type":"","background-media":"","overlay-type":"","overlay-color":"","overlay-opacity":"","overlay-gradient":""},"mobile":{"background-color":"var(--ast-global-color-5)","background-image":"","background-repeat":"repeat","background-position":"center center","background-size":"auto","background-attachment":"scroll","background-type":"","background-media":"","overlay-type":"","overlay-color":"","overlay-opacity":"","overlay-gradient":""}},"footnotes":""},"class_list":["post-1745","page","type-page","status-publish","hentry"],"yoast_head":"<!-- This site is optimized with the Yoast SEO plugin v27.3 - https:\/\/yoast.com\/product\/yoast-seo-wordpress\/ -->\n<title>Gastgeber | Weick Kallstadt<\/title>\n<meta name=\"robots\" content=\"index, follow, max-snippet:-1, max-image-preview:large, max-video-preview:-1\" \/>\n<link rel=\"canonical\" href=\"https:\/\/weick-kallstadt.de\/en\/gastgeber\/\" \/>\n<meta property=\"og:locale\" content=\"en_US\" \/>\n<meta property=\"og:type\" content=\"article\" \/>\n<meta property=\"og:title\" content=\"Gastgeber | Weick Kallstadt\" \/>\n<meta property=\"og:description\" content=\"Pf\u00e4lzer Gastfreundschaft seit \u00fcber drei Jahrzehnten Die \u201eWinzerstuben Weick\u201c in Kallstadt sind eine Institution in der Pfalz und wird bereits seit 33 Jahren von Familie Weick in erfolgreicher Zusammenarbeit mit der Winzergenossenschaft Kallstadt gef\u00fchrt. Im April 2023 wurde der Betrieb an die n\u00e4chste Generation \u00fcbergeben. Die neuen Gastgeber Christian und Laura Schmitz m\u00f6chten an das [&hellip;]\" \/>\n<meta property=\"og:url\" content=\"https:\/\/weick-kallstadt.de\/en\/gastgeber\/\" \/>\n<meta property=\"og:site_name\" content=\"Winzerstuben Weick\" \/>\n<meta property=\"article:modified_time\" content=\"2025-07-06T15:03:34+00:00\" \/>\n<meta property=\"og:image\" content=\"https:\/\/weick-kallstadt.de\/wp-content\/uploads\/elementor\/thumbs\/Logo-Weick-transparent-qt9nc0rid6npuo4gwcz61eehjfaypbbr79rt8dqvpc.png\" \/>\n<meta name=\"twitter:card\" content=\"summary_large_image\" \/>\n<meta name=\"twitter:label1\" content=\"Est. reading time\" \/>\n\t<meta name=\"twitter:data1\" content=\"3 minutes\" \/>\n<script type=\"application\/ld+json\" class=\"yoast-schema-graph\">{\"@context\":\"https:\\\/\\\/schema.org\",\"@graph\":[{\"@type\":\"WebPage\",\"@id\":\"https:\\\/\\\/weick-kallstadt.de\\\/gastgeber\\\/\",\"url\":\"https:\\\/\\\/weick-kallstadt.de\\\/gastgeber\\\/\",\"name\":\"Gastgeber | Weick Kallstadt\",\"isPartOf\":{\"@id\":\"https:\\\/\\\/weick-kallstadt.de\\\/#website\"},\"primaryImageOfPage\":{\"@id\":\"https:\\\/\\\/weick-kallstadt.de\\\/gastgeber\\\/#primaryimage\"},\"image\":{\"@id\":\"https:\\\/\\\/weick-kallstadt.de\\\/gastgeber\\\/#primaryimage\"},\"thumbnailUrl\":\"https:\\\/\\\/weick-kallstadt.de\\\/wp-content\\\/uploads\\\/elementor\\\/thumbs\\\/Logo-Weick-transparent-qt9nc0rid6npuo4gwcz61eehjfaypbbr79rt8dqvpc.png\",\"datePublished\":\"2024-08-23T19:20:32+00:00\",\"dateModified\":\"2025-07-06T15:03:34+00:00\",\"breadcrumb\":{\"@id\":\"https:\\\/\\\/weick-kallstadt.de\\\/gastgeber\\\/#breadcrumb\"},\"inLanguage\":\"en-US\",\"potentialAction\":[{\"@type\":\"ReadAction\",\"target\":[\"https:\\\/\\\/weick-kallstadt.de\\\/gastgeber\\\/\"]}]},{\"@type\":\"ImageObject\",\"inLanguage\":\"en-US\",\"@id\":\"https:\\\/\\\/weick-kallstadt.de\\\/gastgeber\\\/#primaryimage\",\"url\":\"https:\\\/\\\/weick-kallstadt.de\\\/wp-content\\\/uploads\\\/elementor\\\/thumbs\\\/Logo-Weick-transparent-qt9nc0rid6npuo4gwcz61eehjfaypbbr79rt8dqvpc.png\",\"contentUrl\":\"https:\\\/\\\/weick-kallstadt.de\\\/wp-content\\\/uploads\\\/elementor\\\/thumbs\\\/Logo-Weick-transparent-qt9nc0rid6npuo4gwcz61eehjfaypbbr79rt8dqvpc.png\"},{\"@type\":\"BreadcrumbList\",\"@id\":\"https:\\\/\\\/weick-kallstadt.de\\\/gastgeber\\\/#breadcrumb\",\"itemListElement\":[{\"@type\":\"ListItem\",\"position\":1,\"name\":\"Hauptseite\",\"item\":\"https:\\\/\\\/weick-kallstadt.de\\\/\"},{\"@type\":\"ListItem\",\"position\":2,\"name\":\"Gastgeber\"}]},{\"@type\":\"WebSite\",\"@id\":\"https:\\\/\\\/weick-kallstadt.de\\\/#website\",\"url\":\"https:\\\/\\\/weick-kallstadt.de\\\/\",\"name\":\"Winzerstuben Weick\",\"description\":\"Ab 11 Uhr f&uuml;r Sie ge&ouml;ffnet\",\"publisher\":{\"@id\":\"https:\\\/\\\/weick-kallstadt.de\\\/#organization\"},\"alternateName\":\"Weick Kallstadt\",\"potentialAction\":[{\"@type\":\"SearchAction\",\"target\":{\"@type\":\"EntryPoint\",\"urlTemplate\":\"https:\\\/\\\/weick-kallstadt.de\\\/?s={search_term_string}\"},\"query-input\":{\"@type\":\"PropertyValueSpecification\",\"valueRequired\":true,\"valueName\":\"search_term_string\"}}],\"inLanguage\":\"en-US\"},{\"@type\":\"Organization\",\"@id\":\"https:\\\/\\\/weick-kallstadt.de\\\/#organization\",\"name\":\"Winzerstuben Weick\",\"url\":\"https:\\\/\\\/weick-kallstadt.de\\\/\",\"logo\":{\"@type\":\"ImageObject\",\"inLanguage\":\"en-US\",\"@id\":\"https:\\\/\\\/weick-kallstadt.de\\\/#\\\/schema\\\/logo\\\/image\\\/\",\"url\":\"https:\\\/\\\/weick-kallstadt.de\\\/wp-content\\\/uploads\\\/2024\\\/02\\\/logo_winzerstuben_white.png\",\"contentUrl\":\"https:\\\/\\\/weick-kallstadt.de\\\/wp-content\\\/uploads\\\/2024\\\/02\\\/logo_winzerstuben_white.png\",\"width\":340,\"height\":156,\"caption\":\"Winzerstuben Weick\"},\"image\":{\"@id\":\"https:\\\/\\\/weick-kallstadt.de\\\/#\\\/schema\\\/logo\\\/image\\\/\"},\"sameAs\":[\"https:\\\/\\\/www.instagram.com\\\/winzerstubenweick\\\/\"]}]}<\/script>\n<!-- \/ Yoast SEO plugin. -->","yoast_head_json":{"title":"Gastgeber | Weick Kallstadt","robots":{"index":"index","follow":"follow","max-snippet":"max-snippet:-1","max-image-preview":"max-image-preview:large","max-video-preview":"max-video-preview:-1"},"canonical":"https:\/\/weick-kallstadt.de\/en\/gastgeber\/","og_locale":"en_US","og_type":"article","og_title":"Gastgeber | Weick Kallstadt","og_description":"Pf\u00e4lzer Gastfreundschaft seit \u00fcber drei Jahrzehnten Die \u201eWinzerstuben Weick\u201c in Kallstadt sind eine Institution in der Pfalz und wird bereits seit 33 Jahren von Familie Weick in erfolgreicher Zusammenarbeit mit der Winzergenossenschaft Kallstadt gef\u00fchrt. Im April 2023 wurde der Betrieb an die n\u00e4chste Generation \u00fcbergeben. Die neuen Gastgeber Christian und Laura Schmitz m\u00f6chten an das [&hellip;]","og_url":"https:\/\/weick-kallstadt.de\/en\/gastgeber\/","og_site_name":"Winzerstuben Weick","article_modified_time":"2025-07-06T15:03:34+00:00","og_image":[{"url":"https:\/\/weick-kallstadt.de\/wp-content\/uploads\/elementor\/thumbs\/Logo-Weick-transparent-qt9nc0rid6npuo4gwcz61eehjfaypbbr79rt8dqvpc.png","type":"","width":"","height":""}],"twitter_card":"summary_large_image","twitter_misc":{"Est. reading time":"3 minutes"},"schema":{"@context":"https:\/\/schema.org","@graph":[{"@type":"WebPage","@id":"https:\/\/weick-kallstadt.de\/gastgeber\/","url":"https:\/\/weick-kallstadt.de\/gastgeber\/","name":"Gastgeber | Weick Kallstadt","isPartOf":{"@id":"https:\/\/weick-kallstadt.de\/#website"},"primaryImageOfPage":{"@id":"https:\/\/weick-kallstadt.de\/gastgeber\/#primaryimage"},"image":{"@id":"https:\/\/weick-kallstadt.de\/gastgeber\/#primaryimage"},"thumbnailUrl":"https:\/\/weick-kallstadt.de\/wp-content\/uploads\/elementor\/thumbs\/Logo-Weick-transparent-qt9nc0rid6npuo4gwcz61eehjfaypbbr79rt8dqvpc.png","datePublished":"2024-08-23T19:20:32+00:00","dateModified":"2025-07-06T15:03:34+00:00","breadcrumb":{"@id":"https:\/\/weick-kallstadt.de\/gastgeber\/#breadcrumb"},"inLanguage":"en-US","potentialAction":[{"@type":"ReadAction","target":["https:\/\/weick-kallstadt.de\/gastgeber\/"]}]},{"@type":"ImageObject","inLanguage":"en-US","@id":"https:\/\/weick-kallstadt.de\/gastgeber\/#primaryimage","url":"https:\/\/weick-kallstadt.de\/wp-content\/uploads\/elementor\/thumbs\/Logo-Weick-transparent-qt9nc0rid6npuo4gwcz61eehjfaypbbr79rt8dqvpc.png","contentUrl":"https:\/\/weick-kallstadt.de\/wp-content\/uploads\/elementor\/thumbs\/Logo-Weick-transparent-qt9nc0rid6npuo4gwcz61eehjfaypbbr79rt8dqvpc.png"},{"@type":"BreadcrumbList","@id":"https:\/\/weick-kallstadt.de\/gastgeber\/#breadcrumb","itemListElement":[{"@type":"ListItem","position":1,"name":"Hauptseite","item":"https:\/\/weick-kallstadt.de\/"},{"@type":"ListItem","position":2,"name":"Gastgeber"}]},{"@type":"WebSite","@id":"https:\/\/weick-kallstadt.de\/#website","url":"https:\/\/weick-kallstadt.de\/","name":"Winzerstuben Weick","description":"Ab 11 Uhr f&uuml;r Sie ge&ouml;ffnet","publisher":{"@id":"https:\/\/weick-kallstadt.de\/#organization"},"alternateName":"Weick Kallstadt","potentialAction":[{"@type":"SearchAction","target":{"@type":"EntryPoint","urlTemplate":"https:\/\/weick-kallstadt.de\/?s={search_term_string}"},"query-input":{"@type":"PropertyValueSpecification","valueRequired":true,"valueName":"search_term_string"}}],"inLanguage":"en-US"},{"@type":"Organization","@id":"https:\/\/weick-kallstadt.de\/#organization","name":"Winzerstuben Weick","url":"https:\/\/weick-kallstadt.de\/","logo":{"@type":"ImageObject","inLanguage":"en-US","@id":"https:\/\/weick-kallstadt.de\/#\/schema\/logo\/image\/","url":"https:\/\/weick-kallstadt.de\/wp-content\/uploads\/2024\/02\/logo_winzerstuben_white.png","contentUrl":"https:\/\/weick-kallstadt.de\/wp-content\/uploads\/2024\/02\/logo_winzerstuben_white.png","width":340,"height":156,"caption":"Winzerstuben Weick"},"image":{"@id":"https:\/\/weick-kallstadt.de\/#\/schema\/logo\/image\/"},"sameAs":["https:\/\/www.instagram.com\/winzerstubenweick\/"]}]}},"_links":{"self":[{"href":"https:\/\/weick-kallstadt.de\/en\/wp-json\/wp\/v2\/pages\/1745","targetHints":{"allow":["GET"]}}],"collection":[{"href":"https:\/\/weick-kallstadt.de\/en\/wp-json\/wp\/v2\/pages"}],"about":[{"href":"https:\/\/weick-kallstadt.de\/en\/wp-json\/wp\/v2\/types\/page"}],"author":[{"embeddable":true,"href":"https:\/\/weick-kallstadt.de\/en\/wp-json\/wp\/v2\/users\/1"}],"replies":[{"embeddable":true,"href":"https:\/\/weick-kallstadt.de\/en\/wp-json\/wp\/v2\/comments?post=1745"}],"version-history":[{"count":55,"href":"https:\/\/weick-kallstadt.de\/en\/wp-json\/wp\/v2\/pages\/1745\/revisions"}],"predecessor-version":[{"id":2577,"href":"https:\/\/weick-kallstadt.de\/en\/wp-json\/wp\/v2\/pages\/1745\/revisions\/2577"}],"wp:attachment":[{"href":"https:\/\/weick-kallstadt.de\/en\/wp-json\/wp\/v2\/media?parent=1745"}],"curies":[{"name":"wp","href":"https:\/\/api.w.org\/{rel}","templated":true}]}}